{"id":12,"date":"2022-03-09T14:59:20","date_gmt":"2022-03-09T14:59:20","guid":{"rendered":"https:\/\/lebensberatung-peters-bremen.de\/?page_id=12"},"modified":"2026-02-15T13:33:51","modified_gmt":"2026-02-15T13:33:51","slug":"website","status":"publish","type":"page","link":"https:\/\/www.lebensberatung-peters-bremen.de\/","title":{"rendered":""},"content":{"rendered":"<div class=\"wp-block-coblocks-shape-divider alignfull is-style-hills has-primary-color is-vertically-flipped is-horizontally-flipped mt-0 mb-0\" style=\"\" aria-hidden=\"true\">\n\t\t\t<div class=\"wp-block-coblocks-shape-divider__svg-wrapper\" style=\"height:65px;\">\n\t\t\t\t<svg class=\"divider--hills\" viewBox=\"0 0 1920 105\" xmlns=\"http:\/\/www.w3.org\/2000\/svg\" preserveAspectRatio=\"none\"><g fillRule=\"evenodd\" transform=\"matrix(1 0 0 -1 0 105)\"><path d=\"m1920 14.8827052c-116.23325 0-224.05162 88.3906828-395.09265 88.3906828-160.92196 0-254.53172-83.4344997-444.90735-83.4344997-154.297581 0-240.095847 39.6344097-367.66819 39.6344097-154.121863 0-198.902329-36.1223133-349.458242-36.1223133-144.878137 0-241.175717 80.8685493-362.873568 80.8685493 0-34.0793243 0-68.1494291 0-102.219534h1920z\" \/><path d=\"m1920 14.6612844c-116.11434 0-223.9659 88.8291396-395.06196 88.8291396-160.92415 0-254.54487-83.7874573-444.93804-83.7874573-154.317311 0-240.088941 39.8974838-367.565152 39.8974838-154.034172 0-198.792715-36.4840402-349.164477-36.4840402-144.965828 0-241.283139 81.1250467-363.270371 81.1250467 0-34.7474052 0-69.4948104 0-104.241457h1920z\" \/><\/g><\/svg>\n\t\t\t<\/div>\n\t\t\t<div class=\"wp-block-coblocks-shape-divider__alt-wrapper\" style=\"height:10px;\"><\/div>\n\t\t<\/div>\n\n\n<div class=\"wp-block-columns are-vertically-aligned-center is-layout-flex wp-container-core-columns-is-layout-9d6595d7 wp-block-columns-is-layout-flex\">\n<div class=\"wp-block-column is-vertically-aligned-center is-layout-flow wp-block-column-is-layout-flow\" style=\"flex-basis:100%\">\n<div class=\"wp-block-group alignwide is-vertical is-content-justification-stretch is-layout-flex wp-container-core-group-is-layout-b16ad781 wp-block-group-is-layout-flex\">\n<p><\/p>\n\n\n\n<div class=\"wp-block-group\"><div class=\"wp-block-group__inner-container is-layout-constrained wp-block-group-is-layout-constrained\">\n<h3 class=\"wp-block-heading has-text-align-left\" style=\"font-size:22px\"><strong>Sie<\/strong> brauchen keine Psychotherapie, m\u00f6chten aber gerne \u00fcber ein paar Fragen oder Probleme sprechen und Antworten finden.<\/h3>\n\n\n\n<p><\/p>\n<\/div><\/div>\n\n\n\n<h1 class=\"wp-block-heading\" style=\"font-size:22px\"><strong>Sie<\/strong> m\u00f6chten sich selbst, andere Menschen und die Welt besser verstehen und dar\u00fcber sprechen.&nbsp;<\/h1>\n\n\n\n<p><\/p>\n\n\n\n<h1 class=\"wp-block-heading\" style=\"font-size:22px\"><strong>Sie<\/strong> m\u00f6chten sich neu orientieren und suchen nach geeigneten Wegen daf\u00fcr.<\/h1>\n\n\n\n<p><\/p>\n\n\n\n<h1 class=\"wp-block-heading\" style=\"font-size:22px\"><strong>Sie<\/strong> philosophieren gerne \u00fcber das Leben, die Welt, den Sinn des Lebens und brauchen daf\u00fcr ein aktives Gegen\u00fcber.<\/h1>\n\n\n\n<p><\/p>\n\n\n\n<h1 class=\"wp-block-heading\" style=\"font-size:22px\"><strong>Sie<\/strong> m\u00f6chten \u00fcber Ihre Beziehungen zu anderen Menschen oder auch \u00fcber ein Buch sprechen.<\/h1>\n\n\n\n<p><\/p>\n<\/div>\n<\/div>\n<\/div>\n\n\n\n<p><\/p>\n\n\n<div class=\"wp-block-coblocks-shape-divider alignfull is-style-hills has-primary-color is-horizontally-flipped mt-0 mb-0\" style=\"\" aria-hidden=\"true\">\n\t\t\t<div class=\"wp-block-coblocks-shape-divider__svg-wrapper\" style=\"height:33px;\">\n\t\t\t\t<svg class=\"divider--hills\" viewBox=\"0 0 1920 105\" xmlns=\"http:\/\/www.w3.org\/2000\/svg\" preserveAspectRatio=\"none\"><g fillRule=\"evenodd\" transform=\"matrix(1 0 0 -1 0 105)\"><path d=\"m1920 14.8827052c-116.23325 0-224.05162 88.3906828-395.09265 88.3906828-160.92196 0-254.53172-83.4344997-444.90735-83.4344997-154.297581 0-240.095847 39.6344097-367.66819 39.6344097-154.121863 0-198.902329-36.1223133-349.458242-36.1223133-144.878137 0-241.175717 80.8685493-362.873568 80.8685493 0-34.0793243 0-68.1494291 0-102.219534h1920z\" \/><path d=\"m1920 14.6612844c-116.11434 0-223.9659 88.8291396-395.06196 88.8291396-160.92415 0-254.54487-83.7874573-444.93804-83.7874573-154.317311 0-240.088941 39.8974838-367.565152 39.8974838-154.034172 0-198.792715-36.4840402-349.164477-36.4840402-144.965828 0-241.283139 81.1250467-363.270371 81.1250467 0-34.7474052 0-69.4948104 0-104.241457h1920z\" \/><\/g><\/svg>\n\t\t\t<\/div>\n\t\t\t<div class=\"wp-block-coblocks-shape-divider__alt-wrapper\" style=\"height:37px;\"><\/div>\n\t\t<\/div>","protected":false},"excerpt":{"rendered":"<p>Sie brauchen keine Psychotherapie, m\u00f6chten aber gerne \u00fcber ein paar Fragen oder Probleme sprechen und Antworten finden. Sie m\u00f6chten sich selbst, andere Menschen und die Welt besser verstehen und dar\u00fcber sprechen.&nbsp; Sie m\u00f6chten sich neu orientieren und suchen nach geeigneten Wegen daf\u00fcr. Sie philosophieren gerne \u00fcber das Leben, die Welt, den Sinn des Lebens und [&hellip;]<\/p>\n","protected":false},"author":1,"featured_media":0,"parent":0,"menu_order":0,"comment_status":"closed","ping_status":"closed","template":"","meta":{"hide_page_title":"enabled","_coblocks_attr":"","_coblocks_dimensions":"","_coblocks_responsive_height":"","_coblocks_accordion_ie_support":"","footnotes":""},"class_list":["post-12","page","type-page","status-publish","hentry"],"yoast_head":"<!-- This site is optimized with the Yoast SEO plugin v27.4 - https:\/\/yoast.com\/product\/yoast-seo-wordpress\/ -->\n<title>Lebensberatung Bremen - Dr. Roswitha Peters<\/title>\n<meta name=\"description\" content=\"Praxis f\u00fcr Gespr\u00e4ch, Biografiearbeit und Lebensberatung\" \/>\n<meta name=\"robots\" content=\"index, follow, max-snippet:-1, max-image-preview:large, max-video-preview:-1\" \/>\n<link rel=\"canonical\" href=\"https:\/\/www.lebensberatung-peters-bremen.de\/\" \/>\n<meta property=\"og:locale\" content=\"de_DE\" \/>\n<meta property=\"og:type\" content=\"article\" \/>\n<meta property=\"og:title\" content=\"Lebensberatung Bremen - Dr. Roswitha Peters\" \/>\n<meta property=\"og:description\" content=\"Praxis f\u00fcr Gespr\u00e4ch, Biografiearbeit und Lebensberatung\" \/>\n<meta property=\"og:url\" content=\"https:\/\/www.lebensberatung-peters-bremen.de\/\" \/>\n<meta property=\"og:site_name\" content=\"Praxis f\u00fcr Gespr\u00e4ch und Lebensberatung\" \/>\n<meta property=\"article:modified_time\" content=\"2026-02-15T13:33:51+00:00\" \/>\n<meta name=\"twitter:card\" content=\"summary_large_image\" \/>\n<meta name=\"twitter:label1\" content=\"Gesch\u00e4tzte Lesezeit\" \/>\n\t<meta name=\"twitter:data1\" content=\"1\u00a0Minute\" \/>\n<script type=\"application\/ld+json\" class=\"yoast-schema-graph\">{\"@context\":\"https:\\\/\\\/schema.org\",\"@graph\":[{\"@type\":\"WebPage\",\"@id\":\"https:\\\/\\\/www.lebensberatung-peters-bremen.de\\\/\",\"url\":\"https:\\\/\\\/www.lebensberatung-peters-bremen.de\\\/\",\"name\":\"Lebensberatung Bremen - Dr. Roswitha Peters\",\"isPartOf\":{\"@id\":\"https:\\\/\\\/www.lebensberatung-peters-bremen.de\\\/#website\"},\"datePublished\":\"2022-03-09T14:59:20+00:00\",\"dateModified\":\"2026-02-15T13:33:51+00:00\",\"description\":\"Praxis f\u00fcr Gespr\u00e4ch, Biografiearbeit und Lebensberatung\",\"inLanguage\":\"de\",\"potentialAction\":[{\"@type\":\"ReadAction\",\"target\":[\"https:\\\/\\\/www.lebensberatung-peters-bremen.de\\\/\"]}]},{\"@type\":\"WebSite\",\"@id\":\"https:\\\/\\\/www.lebensberatung-peters-bremen.de\\\/#website\",\"url\":\"https:\\\/\\\/www.lebensberatung-peters-bremen.de\\\/\",\"name\":\"Praxis f\u00fcr Gespr\u00e4ch und Lebensberatung\",\"description\":\" Dr. phil. Roswitha Peters\",\"publisher\":{\"@id\":\"https:\\\/\\\/www.lebensberatung-peters-bremen.de\\\/#\\\/schema\\\/person\\\/4d5f1a93305908d1e0c1e9668a6c6cdc\"},\"potentialAction\":[{\"@type\":\"SearchAction\",\"target\":{\"@type\":\"EntryPoint\",\"urlTemplate\":\"https:\\\/\\\/www.lebensberatung-peters-bremen.de\\\/?s={search_term_string}\"},\"query-input\":{\"@type\":\"PropertyValueSpecification\",\"valueRequired\":true,\"valueName\":\"search_term_string\"}}],\"inLanguage\":\"de\"},{\"@type\":[\"Person\",\"Organization\"],\"@id\":\"https:\\\/\\\/www.lebensberatung-peters-bremen.de\\\/#\\\/schema\\\/person\\\/4d5f1a93305908d1e0c1e9668a6c6cdc\",\"name\":\"Roswitha Peters\",\"image\":{\"@type\":\"ImageObject\",\"inLanguage\":\"de\",\"@id\":\"https:\\\/\\\/www.lebensberatung-peters-bremen.de\\\/wp-content\\\/uploads\\\/2022\\\/03\\\/cropped-cropped-2006909969-huge-removebg-1.png\",\"url\":\"https:\\\/\\\/www.lebensberatung-peters-bremen.de\\\/wp-content\\\/uploads\\\/2022\\\/03\\\/cropped-cropped-2006909969-huge-removebg-1.png\",\"contentUrl\":\"https:\\\/\\\/www.lebensberatung-peters-bremen.de\\\/wp-content\\\/uploads\\\/2022\\\/03\\\/cropped-cropped-2006909969-huge-removebg-1.png\",\"width\":512,\"height\":512,\"caption\":\"Roswitha Peters\"},\"logo\":{\"@id\":\"https:\\\/\\\/www.lebensberatung-peters-bremen.de\\\/wp-content\\\/uploads\\\/2022\\\/03\\\/cropped-cropped-2006909969-huge-removebg-1.png\"},\"sameAs\":[\"http:\\\/\\\/www.lebensberatung-peters-bremen.de\"]}]}<\/script>\n<!-- \/ Yoast SEO plugin. -->","yoast_head_json":{"title":"Lebensberatung Bremen - Dr. Roswitha Peters","description":"Praxis f\u00fcr Gespr\u00e4ch, Biografiearbeit und Lebensberatung","robots":{"index":"index","follow":"follow","max-snippet":"max-snippet:-1","max-image-preview":"max-image-preview:large","max-video-preview":"max-video-preview:-1"},"canonical":"https:\/\/www.lebensberatung-peters-bremen.de\/","og_locale":"de_DE","og_type":"article","og_title":"Lebensberatung Bremen - Dr. Roswitha Peters","og_description":"Praxis f\u00fcr Gespr\u00e4ch, Biografiearbeit und Lebensberatung","og_url":"https:\/\/www.lebensberatung-peters-bremen.de\/","og_site_name":"Praxis f\u00fcr Gespr\u00e4ch und Lebensberatung","article_modified_time":"2026-02-15T13:33:51+00:00","twitter_card":"summary_large_image","twitter_misc":{"Gesch\u00e4tzte Lesezeit":"1\u00a0Minute"},"schema":{"@context":"https:\/\/schema.org","@graph":[{"@type":"WebPage","@id":"https:\/\/www.lebensberatung-peters-bremen.de\/","url":"https:\/\/www.lebensberatung-peters-bremen.de\/","name":"Lebensberatung Bremen - Dr. Roswitha Peters","isPartOf":{"@id":"https:\/\/www.lebensberatung-peters-bremen.de\/#website"},"datePublished":"2022-03-09T14:59:20+00:00","dateModified":"2026-02-15T13:33:51+00:00","description":"Praxis f\u00fcr Gespr\u00e4ch, Biografiearbeit und Lebensberatung","inLanguage":"de","potentialAction":[{"@type":"ReadAction","target":["https:\/\/www.lebensberatung-peters-bremen.de\/"]}]},{"@type":"WebSite","@id":"https:\/\/www.lebensberatung-peters-bremen.de\/#website","url":"https:\/\/www.lebensberatung-peters-bremen.de\/","name":"Praxis f\u00fcr Gespr\u00e4ch und Lebensberatung","description":" Dr. phil. Roswitha Peters","publisher":{"@id":"https:\/\/www.lebensberatung-peters-bremen.de\/#\/schema\/person\/4d5f1a93305908d1e0c1e9668a6c6cdc"},"potentialAction":[{"@type":"SearchAction","target":{"@type":"EntryPoint","urlTemplate":"https:\/\/www.lebensberatung-peters-bremen.de\/?s={search_term_string}"},"query-input":{"@type":"PropertyValueSpecification","valueRequired":true,"valueName":"search_term_string"}}],"inLanguage":"de"},{"@type":["Person","Organization"],"@id":"https:\/\/www.lebensberatung-peters-bremen.de\/#\/schema\/person\/4d5f1a93305908d1e0c1e9668a6c6cdc","name":"Roswitha Peters","image":{"@type":"ImageObject","inLanguage":"de","@id":"https:\/\/www.lebensberatung-peters-bremen.de\/wp-content\/uploads\/2022\/03\/cropped-cropped-2006909969-huge-removebg-1.png","url":"https:\/\/www.lebensberatung-peters-bremen.de\/wp-content\/uploads\/2022\/03\/cropped-cropped-2006909969-huge-removebg-1.png","contentUrl":"https:\/\/www.lebensberatung-peters-bremen.de\/wp-content\/uploads\/2022\/03\/cropped-cropped-2006909969-huge-removebg-1.png","width":512,"height":512,"caption":"Roswitha Peters"},"logo":{"@id":"https:\/\/www.lebensberatung-peters-bremen.de\/wp-content\/uploads\/2022\/03\/cropped-cropped-2006909969-huge-removebg-1.png"},"sameAs":["http:\/\/www.lebensberatung-peters-bremen.de"]}]}},"_links":{"self":[{"href":"https:\/\/www.lebensberatung-peters-bremen.de\/index.php?rest_route=\/wp\/v2\/pages\/12","targetHints":{"allow":["GET"]}}],"collection":[{"href":"https:\/\/www.lebensberatung-peters-bremen.de\/index.php?rest_route=\/wp\/v2\/pages"}],"about":[{"href":"https:\/\/www.lebensberatung-peters-bremen.de\/index.php?rest_route=\/wp\/v2\/types\/page"}],"author":[{"embeddable":true,"href":"https:\/\/www.lebensberatung-peters-bremen.de\/index.php?rest_route=\/wp\/v2\/users\/1"}],"replies":[{"embeddable":true,"href":"https:\/\/www.lebensberatung-peters-bremen.de\/index.php?rest_route=%2Fwp%2Fv2%2Fcomments&post=12"}],"version-history":[{"count":34,"href":"https:\/\/www.lebensberatung-peters-bremen.de\/index.php?rest_route=\/wp\/v2\/pages\/12\/revisions"}],"predecessor-version":[{"id":332,"href":"https:\/\/www.lebensberatung-peters-bremen.de\/index.php?rest_route=\/wp\/v2\/pages\/12\/revisions\/332"}],"wp:attachment":[{"href":"https:\/\/www.lebensberatung-peters-bremen.de\/index.php?rest_route=%2Fwp%2Fv2%2Fmedia&parent=12"}],"curies":[{"name":"wp","href":"https:\/\/api.w.org\/{rel}","templated":true}]}}