{"id":63,"date":"2022-03-16T12:57:35","date_gmt":"2022-03-16T12:57:35","guid":{"rendered":"https:\/\/www.lebensberatung-peters-bremen.de\/?page_id=63"},"modified":"2026-02-07T16:10:56","modified_gmt":"2026-02-07T16:10:56","slug":"ueber-mich","status":"publish","type":"page","link":"https:\/\/www.lebensberatung-peters-bremen.de\/?page_id=63","title":{"rendered":"\u00dcber mich"},"content":{"rendered":"<div class=\"wp-block-coblocks-shape-divider alignfull is-style-hills has-primary-color is-vertically-flipped mt-0 mb-0\" style=\"\" aria-hidden=\"true\">\n\t\t\t<div class=\"wp-block-coblocks-shape-divider__svg-wrapper\" style=\"height:40px;\">\n\t\t\t\t<svg class=\"divider--hills\" viewBox=\"0 0 1920 105\" xmlns=\"http:\/\/www.w3.org\/2000\/svg\" preserveAspectRatio=\"none\"><g fillRule=\"evenodd\" transform=\"matrix(1 0 0 -1 0 105)\"><path d=\"m1920 14.8827052c-116.23325 0-224.05162 88.3906828-395.09265 88.3906828-160.92196 0-254.53172-83.4344997-444.90735-83.4344997-154.297581 0-240.095847 39.6344097-367.66819 39.6344097-154.121863 0-198.902329-36.1223133-349.458242-36.1223133-144.878137 0-241.175717 80.8685493-362.873568 80.8685493 0-34.0793243 0-68.1494291 0-102.219534h1920z\" \/><path d=\"m1920 14.6612844c-116.11434 0-223.9659 88.8291396-395.06196 88.8291396-160.92415 0-254.54487-83.7874573-444.93804-83.7874573-154.317311 0-240.088941 39.8974838-367.565152 39.8974838-154.034172 0-198.792715-36.4840402-349.164477-36.4840402-144.965828 0-241.283139 81.1250467-363.270371 81.1250467 0-34.7474052 0-69.4948104 0-104.241457h1920z\" \/><\/g><\/svg>\n\t\t\t<\/div>\n\t\t\t<div class=\"wp-block-coblocks-shape-divider__alt-wrapper\" style=\"height:15px;\"><\/div>\n\t\t<\/div>\n\n\n<h2 class=\"wp-block-heading\" style=\"font-size:20px\">Im Mittelpunkt meines Interesses steht der Mensch in seinen sozialen und kulturellen Zusammenh\u00e4ngen. <br>Menschen sind in der heutigen Zeit mit sehr vielen komplexen Herausforderungen konfontriert, die nicht immer leicht zu verstehen und zu bew\u00e4ltigen sind. Hierf\u00fcr biete ich kl\u00e4rende Gespr\u00e4che und Beratung an.<br><br>Ich verf\u00fcge \u00fcber langj\u00e4hrige Praxiserfahrung in erwachsenenp\u00e4dagogischer Lehre und Beratung. Wesentliche Grundlage meiner Arbeit sind meine umfangreichen Kenntnisse in Sozialwissenschaften, Philosophie und Psychologie. <\/h2>\n\n\n\n<p><\/p>\n\n\n\n<div class=\"wp-block-group\"><div class=\"wp-block-group__inner-container is-layout-flow wp-block-group-is-layout-flow\">\n<div class=\"wp-block-columns is-layout-flex wp-container-core-columns-is-layout-9d6595d7 wp-block-columns-is-layout-flex\">\n<div class=\"wp-block-column is-layout-flow wp-block-column-is-layout-flow\"><\/div>\n<\/div>\n<\/div><\/div>\n\n\n<div class=\"wp-block-coblocks-shape-divider alignfull is-style-hills has-primary-color mt-0 mb-0\" style=\"\" aria-hidden=\"true\">\n\t\t\t<div class=\"wp-block-coblocks-shape-divider__svg-wrapper\" style=\"height:56px;\">\n\t\t\t\t<svg class=\"divider--hills\" viewBox=\"0 0 1920 105\" xmlns=\"http:\/\/www.w3.org\/2000\/svg\" preserveAspectRatio=\"none\"><g fillRule=\"evenodd\" transform=\"matrix(1 0 0 -1 0 105)\"><path d=\"m1920 14.8827052c-116.23325 0-224.05162 88.3906828-395.09265 88.3906828-160.92196 0-254.53172-83.4344997-444.90735-83.4344997-154.297581 0-240.095847 39.6344097-367.66819 39.6344097-154.121863 0-198.902329-36.1223133-349.458242-36.1223133-144.878137 0-241.175717 80.8685493-362.873568 80.8685493 0-34.0793243 0-68.1494291 0-102.219534h1920z\" \/><path d=\"m1920 14.6612844c-116.11434 0-223.9659 88.8291396-395.06196 88.8291396-160.92415 0-254.54487-83.7874573-444.93804-83.7874573-154.317311 0-240.088941 39.8974838-367.565152 39.8974838-154.034172 0-198.792715-36.4840402-349.164477-36.4840402-144.965828 0-241.283139 81.1250467-363.270371 81.1250467 0-34.7474052 0-69.4948104 0-104.241457h1920z\" \/><\/g><\/svg>\n\t\t\t<\/div>\n\t\t\t<div class=\"wp-block-coblocks-shape-divider__alt-wrapper\" style=\"height:10px;\"><\/div>\n\t\t<\/div>\n\n\n<p><\/p>\n","protected":false},"excerpt":{"rendered":"<p>Im Mittelpunkt meines Interesses steht der Mensch in seinen sozialen und kulturellen Zusammenh\u00e4ngen. Menschen sind in der heutigen Zeit mit sehr vielen komplexen Herausforderungen konfontriert, die nicht immer leicht zu verstehen und zu bew\u00e4ltigen sind. Hierf\u00fcr biete ich kl\u00e4rende Gespr\u00e4che und Beratung an. Ich verf\u00fcge \u00fcber langj\u00e4hrige Praxiserfahrung in erwachsenenp\u00e4dagogischer Lehre und Beratung. Wesentliche Grundlage [&hellip;]<\/p>\n","protected":false},"author":1,"featured_media":0,"parent":0,"menu_order":0,"comment_status":"closed","ping_status":"closed","template":"","meta":{"hide_page_title":"enabled","_coblocks_attr":"","_coblocks_dimensions":"","_coblocks_responsive_height":"","_coblocks_accordion_ie_support":"","footnotes":""},"class_list":["post-63","page","type-page","status-publish","hentry"],"yoast_head":"<!-- This site is optimized with the Yoast SEO plugin v27.4 - https:\/\/yoast.com\/product\/yoast-seo-wordpress\/ -->\n<title>\u00dcber mich &#187; Praxis f\u00fcr Gespr\u00e4ch und Lebensberatung<\/title>\n<meta name=\"description\" content=\"Dr. Roswitha Peters, Dipl.-P\u00e4d.\/Erwachsenenbildung\" \/>\n<meta name=\"robots\" content=\"index, follow, max-snippet:-1, max-image-preview:large, max-video-preview:-1\" \/>\n<link rel=\"canonical\" href=\"https:\/\/www.lebensberatung-peters-bremen.de\/?page_id=63\" \/>\n<meta property=\"og:locale\" content=\"de_DE\" \/>\n<meta property=\"og:type\" content=\"article\" \/>\n<meta property=\"og:title\" content=\"\u00dcber mich &#187; Praxis f\u00fcr Gespr\u00e4ch und Lebensberatung\" \/>\n<meta property=\"og:description\" content=\"Dr. Roswitha Peters, Dipl.-P\u00e4d.\/Erwachsenenbildung\" \/>\n<meta property=\"og:url\" content=\"https:\/\/www.lebensberatung-peters-bremen.de\/?page_id=63\" \/>\n<meta property=\"og:site_name\" content=\"Praxis f\u00fcr Gespr\u00e4ch und Lebensberatung\" \/>\n<meta property=\"article:modified_time\" content=\"2026-02-07T16:10:56+00:00\" \/>\n<meta name=\"twitter:card\" content=\"summary_large_image\" \/>\n<meta name=\"twitter:label1\" content=\"Gesch\u00e4tzte Lesezeit\" \/>\n\t<meta name=\"twitter:data1\" content=\"1\u00a0Minute\" \/>\n<script type=\"application\/ld+json\" class=\"yoast-schema-graph\">{\"@context\":\"https:\\\/\\\/schema.org\",\"@graph\":[{\"@type\":\"WebPage\",\"@id\":\"https:\\\/\\\/www.lebensberatung-peters-bremen.de\\\/?page_id=63\",\"url\":\"https:\\\/\\\/www.lebensberatung-peters-bremen.de\\\/?page_id=63\",\"name\":\"\u00dcber mich &#187; Praxis f\u00fcr Gespr\u00e4ch und Lebensberatung\",\"isPartOf\":{\"@id\":\"https:\\\/\\\/www.lebensberatung-peters-bremen.de\\\/#website\"},\"datePublished\":\"2022-03-16T12:57:35+00:00\",\"dateModified\":\"2026-02-07T16:10:56+00:00\",\"description\":\"Dr. Roswitha Peters, Dipl.-P\u00e4d.\\\/Erwachsenenbildung\",\"breadcrumb\":{\"@id\":\"https:\\\/\\\/www.lebensberatung-peters-bremen.de\\\/?page_id=63#breadcrumb\"},\"inLanguage\":\"de\",\"potentialAction\":[{\"@type\":\"ReadAction\",\"target\":[\"https:\\\/\\\/www.lebensberatung-peters-bremen.de\\\/?page_id=63\"]}]},{\"@type\":\"BreadcrumbList\",\"@id\":\"https:\\\/\\\/www.lebensberatung-peters-bremen.de\\\/?page_id=63#breadcrumb\",\"itemListElement\":[{\"@type\":\"ListItem\",\"position\":1,\"name\":\"Startseite\",\"item\":\"https:\\\/\\\/www.lebensberatung-peters-bremen.de\\\/\"},{\"@type\":\"ListItem\",\"position\":2,\"name\":\"\u00dcber mich\"}]},{\"@type\":\"WebSite\",\"@id\":\"https:\\\/\\\/www.lebensberatung-peters-bremen.de\\\/#website\",\"url\":\"https:\\\/\\\/www.lebensberatung-peters-bremen.de\\\/\",\"name\":\"Praxis f\u00fcr Gespr\u00e4ch und Lebensberatung\",\"description\":\" Dr. phil. Roswitha Peters\",\"publisher\":{\"@id\":\"https:\\\/\\\/www.lebensberatung-peters-bremen.de\\\/#\\\/schema\\\/person\\\/4d5f1a93305908d1e0c1e9668a6c6cdc\"},\"potentialAction\":[{\"@type\":\"SearchAction\",\"target\":{\"@type\":\"EntryPoint\",\"urlTemplate\":\"https:\\\/\\\/www.lebensberatung-peters-bremen.de\\\/?s={search_term_string}\"},\"query-input\":{\"@type\":\"PropertyValueSpecification\",\"valueRequired\":true,\"valueName\":\"search_term_string\"}}],\"inLanguage\":\"de\"},{\"@type\":[\"Person\",\"Organization\"],\"@id\":\"https:\\\/\\\/www.lebensberatung-peters-bremen.de\\\/#\\\/schema\\\/person\\\/4d5f1a93305908d1e0c1e9668a6c6cdc\",\"name\":\"Roswitha Peters\",\"image\":{\"@type\":\"ImageObject\",\"inLanguage\":\"de\",\"@id\":\"https:\\\/\\\/www.lebensberatung-peters-bremen.de\\\/wp-content\\\/uploads\\\/2022\\\/03\\\/cropped-cropped-2006909969-huge-removebg-1.png\",\"url\":\"https:\\\/\\\/www.lebensberatung-peters-bremen.de\\\/wp-content\\\/uploads\\\/2022\\\/03\\\/cropped-cropped-2006909969-huge-removebg-1.png\",\"contentUrl\":\"https:\\\/\\\/www.lebensberatung-peters-bremen.de\\\/wp-content\\\/uploads\\\/2022\\\/03\\\/cropped-cropped-2006909969-huge-removebg-1.png\",\"width\":512,\"height\":512,\"caption\":\"Roswitha Peters\"},\"logo\":{\"@id\":\"https:\\\/\\\/www.lebensberatung-peters-bremen.de\\\/wp-content\\\/uploads\\\/2022\\\/03\\\/cropped-cropped-2006909969-huge-removebg-1.png\"},\"sameAs\":[\"http:\\\/\\\/www.lebensberatung-peters-bremen.de\"]}]}<\/script>\n<!-- \/ Yoast SEO plugin. -->","yoast_head_json":{"title":"\u00dcber mich &#187; Praxis f\u00fcr Gespr\u00e4ch und Lebensberatung","description":"Dr. Roswitha Peters, Dipl.-P\u00e4d.\/Erwachsenenbildung","robots":{"index":"index","follow":"follow","max-snippet":"max-snippet:-1","max-image-preview":"max-image-preview:large","max-video-preview":"max-video-preview:-1"},"canonical":"https:\/\/www.lebensberatung-peters-bremen.de\/?page_id=63","og_locale":"de_DE","og_type":"article","og_title":"\u00dcber mich &#187; Praxis f\u00fcr Gespr\u00e4ch und Lebensberatung","og_description":"Dr. Roswitha Peters, Dipl.-P\u00e4d.\/Erwachsenenbildung","og_url":"https:\/\/www.lebensberatung-peters-bremen.de\/?page_id=63","og_site_name":"Praxis f\u00fcr Gespr\u00e4ch und Lebensberatung","article_modified_time":"2026-02-07T16:10:56+00:00","twitter_card":"summary_large_image","twitter_misc":{"Gesch\u00e4tzte Lesezeit":"1\u00a0Minute"},"schema":{"@context":"https:\/\/schema.org","@graph":[{"@type":"WebPage","@id":"https:\/\/www.lebensberatung-peters-bremen.de\/?page_id=63","url":"https:\/\/www.lebensberatung-peters-bremen.de\/?page_id=63","name":"\u00dcber mich &#187; Praxis f\u00fcr Gespr\u00e4ch und Lebensberatung","isPartOf":{"@id":"https:\/\/www.lebensberatung-peters-bremen.de\/#website"},"datePublished":"2022-03-16T12:57:35+00:00","dateModified":"2026-02-07T16:10:56+00:00","description":"Dr. Roswitha Peters, Dipl.-P\u00e4d.\/Erwachsenenbildung","breadcrumb":{"@id":"https:\/\/www.lebensberatung-peters-bremen.de\/?page_id=63#breadcrumb"},"inLanguage":"de","potentialAction":[{"@type":"ReadAction","target":["https:\/\/www.lebensberatung-peters-bremen.de\/?page_id=63"]}]},{"@type":"BreadcrumbList","@id":"https:\/\/www.lebensberatung-peters-bremen.de\/?page_id=63#breadcrumb","itemListElement":[{"@type":"ListItem","position":1,"name":"Startseite","item":"https:\/\/www.lebensberatung-peters-bremen.de\/"},{"@type":"ListItem","position":2,"name":"\u00dcber mich"}]},{"@type":"WebSite","@id":"https:\/\/www.lebensberatung-peters-bremen.de\/#website","url":"https:\/\/www.lebensberatung-peters-bremen.de\/","name":"Praxis f\u00fcr Gespr\u00e4ch und Lebensberatung","description":" Dr. phil. Roswitha Peters","publisher":{"@id":"https:\/\/www.lebensberatung-peters-bremen.de\/#\/schema\/person\/4d5f1a93305908d1e0c1e9668a6c6cdc"},"potentialAction":[{"@type":"SearchAction","target":{"@type":"EntryPoint","urlTemplate":"https:\/\/www.lebensberatung-peters-bremen.de\/?s={search_term_string}"},"query-input":{"@type":"PropertyValueSpecification","valueRequired":true,"valueName":"search_term_string"}}],"inLanguage":"de"},{"@type":["Person","Organization"],"@id":"https:\/\/www.lebensberatung-peters-bremen.de\/#\/schema\/person\/4d5f1a93305908d1e0c1e9668a6c6cdc","name":"Roswitha Peters","image":{"@type":"ImageObject","inLanguage":"de","@id":"https:\/\/www.lebensberatung-peters-bremen.de\/wp-content\/uploads\/2022\/03\/cropped-cropped-2006909969-huge-removebg-1.png","url":"https:\/\/www.lebensberatung-peters-bremen.de\/wp-content\/uploads\/2022\/03\/cropped-cropped-2006909969-huge-removebg-1.png","contentUrl":"https:\/\/www.lebensberatung-peters-bremen.de\/wp-content\/uploads\/2022\/03\/cropped-cropped-2006909969-huge-removebg-1.png","width":512,"height":512,"caption":"Roswitha Peters"},"logo":{"@id":"https:\/\/www.lebensberatung-peters-bremen.de\/wp-content\/uploads\/2022\/03\/cropped-cropped-2006909969-huge-removebg-1.png"},"sameAs":["http:\/\/www.lebensberatung-peters-bremen.de"]}]}},"_links":{"self":[{"href":"https:\/\/www.lebensberatung-peters-bremen.de\/index.php?rest_route=\/wp\/v2\/pages\/63","targetHints":{"allow":["GET"]}}],"collection":[{"href":"https:\/\/www.lebensberatung-peters-bremen.de\/index.php?rest_route=\/wp\/v2\/pages"}],"about":[{"href":"https:\/\/www.lebensberatung-peters-bremen.de\/index.php?rest_route=\/wp\/v2\/types\/page"}],"author":[{"embeddable":true,"href":"https:\/\/www.lebensberatung-peters-bremen.de\/index.php?rest_route=\/wp\/v2\/users\/1"}],"replies":[{"embeddable":true,"href":"https:\/\/www.lebensberatung-peters-bremen.de\/index.php?rest_route=%2Fwp%2Fv2%2Fcomments&post=63"}],"version-history":[{"count":21,"href":"https:\/\/www.lebensberatung-peters-bremen.de\/index.php?rest_route=\/wp\/v2\/pages\/63\/revisions"}],"predecessor-version":[{"id":308,"href":"https:\/\/www.lebensberatung-peters-bremen.de\/index.php?rest_route=\/wp\/v2\/pages\/63\/revisions\/308"}],"wp:attachment":[{"href":"https:\/\/www.lebensberatung-peters-bremen.de\/index.php?rest_route=%2Fwp%2Fv2%2Fmedia&parent=63"}],"curies":[{"name":"wp","href":"https:\/\/api.w.org\/{rel}","templated":true}]}}