{"id":65,"date":"2022-03-16T12:57:36","date_gmt":"2022-03-16T12:57:36","guid":{"rendered":"https:\/\/www.lebensberatung-peters-bremen.de\/?page_id=65"},"modified":"2026-02-15T13:36:23","modified_gmt":"2026-02-15T13:36:23","slug":"informationen-und-kontakt","status":"publish","type":"page","link":"https:\/\/www.lebensberatung-peters-bremen.de\/?page_id=65","title":{"rendered":"Informationen &#038; Kontakt"},"content":{"rendered":"<div class=\"wp-block-coblocks-shape-divider alignfull is-style-hills has-primary-color is-vertically-flipped is-horizontally-flipped mt-0 mb-0\" style=\"\" aria-hidden=\"true\">\n\t\t\t<div class=\"wp-block-coblocks-shape-divider__svg-wrapper\" style=\"height:44px;\">\n\t\t\t\t<svg class=\"divider--hills\" viewBox=\"0 0 1920 105\" xmlns=\"http:\/\/www.w3.org\/2000\/svg\" preserveAspectRatio=\"none\"><g fillRule=\"evenodd\" transform=\"matrix(1 0 0 -1 0 105)\"><path d=\"m1920 14.8827052c-116.23325 0-224.05162 88.3906828-395.09265 88.3906828-160.92196 0-254.53172-83.4344997-444.90735-83.4344997-154.297581 0-240.095847 39.6344097-367.66819 39.6344097-154.121863 0-198.902329-36.1223133-349.458242-36.1223133-144.878137 0-241.175717 80.8685493-362.873568 80.8685493 0-34.0793243 0-68.1494291 0-102.219534h1920z\" \/><path d=\"m1920 14.6612844c-116.11434 0-223.9659 88.8291396-395.06196 88.8291396-160.92415 0-254.54487-83.7874573-444.93804-83.7874573-154.317311 0-240.088941 39.8974838-367.565152 39.8974838-154.034172 0-198.792715-36.4840402-349.164477-36.4840402-144.965828 0-241.283139 81.1250467-363.270371 81.1250467 0-34.7474052 0-69.4948104 0-104.241457h1920z\" \/><\/g><\/svg>\n\t\t\t<\/div>\n\t\t\t<div class=\"wp-block-coblocks-shape-divider__alt-wrapper\" style=\"height:26px;\"><\/div>\n\t\t<\/div>\n\n\n<div class=\"wp-block-group\"><div class=\"wp-block-group__inner-container is-layout-constrained wp-block-group-is-layout-constrained\">\n<p><\/p>\n\n\n\n<h2 class=\"wp-block-heading has-text-align-left has-medium-font-size has-custom-weight\" style=\"font-style:normal;font-weight:normal;font-size:88px\">Da keine psychotherapeutische Behandlung erfolgt, ist eine Kostenerstattung durch Krankenkassen nicht m\u00f6glich.<br><br>Preis pro Stunde: 70,- \u20ac<br><\/h2>\n\n\n\n<h2 class=\"wp-block-heading has-text-align-left has-medium-font-size\" style=\"font-style:normal;font-weight:400\">Terminvereinbarungen unter (+49) 0152 0877 9860 <br>oder <a href=\"mailto:rpeters@uni-bremen.de\">rpeters@uni-bremen.de<\/a><\/h2>\n<\/div><\/div>\n\n\n\n<h2 class=\"wp-block-heading\" style=\"font-size:17px\"><strong>Dr. phil. Roswitha Peters<\/strong><br>Ohmstr. 17<br>28357 Bremen<\/h2>\n\n\n<div class=\"wp-block-coblocks-shape-divider alignfull is-style-hills has-primary-color mt-0 mb-0\" style=\"\" aria-hidden=\"true\">\n\t\t\t<div class=\"wp-block-coblocks-shape-divider__svg-wrapper\" style=\"height:76px;\">\n\t\t\t\t<svg class=\"divider--hills\" viewBox=\"0 0 1920 105\" xmlns=\"http:\/\/www.w3.org\/2000\/svg\" preserveAspectRatio=\"none\"><g fillRule=\"evenodd\" transform=\"matrix(1 0 0 -1 0 105)\"><path d=\"m1920 14.8827052c-116.23325 0-224.05162 88.3906828-395.09265 88.3906828-160.92196 0-254.53172-83.4344997-444.90735-83.4344997-154.297581 0-240.095847 39.6344097-367.66819 39.6344097-154.121863 0-198.902329-36.1223133-349.458242-36.1223133-144.878137 0-241.175717 80.8685493-362.873568 80.8685493 0-34.0793243 0-68.1494291 0-102.219534h1920z\" \/><path d=\"m1920 14.6612844c-116.11434 0-223.9659 88.8291396-395.06196 88.8291396-160.92415 0-254.54487-83.7874573-444.93804-83.7874573-154.317311 0-240.088941 39.8974838-367.565152 39.8974838-154.034172 0-198.792715-36.4840402-349.164477-36.4840402-144.965828 0-241.283139 81.1250467-363.270371 81.1250467 0-34.7474052 0-69.4948104 0-104.241457h1920z\" \/><\/g><\/svg>\n\t\t\t<\/div>\n\t\t\t<div class=\"wp-block-coblocks-shape-divider__alt-wrapper\" style=\"height:10px;\"><\/div>\n\t\t<\/div>","protected":false},"excerpt":{"rendered":"<p>Da keine psychotherapeutische Behandlung erfolgt, ist eine Kostenerstattung durch Krankenkassen nicht m\u00f6glich. Preis pro Stunde: 70,- \u20ac Terminvereinbarungen unter (+49) 0152 0877 9860 oder rpeters@uni-bremen.de Dr. phil. Roswitha PetersOhmstr. 1728357 Bremen<\/p>\n","protected":false},"author":1,"featured_media":0,"parent":0,"menu_order":0,"comment_status":"closed","ping_status":"closed","template":"","meta":{"hide_page_title":"enabled","_coblocks_attr":"Ubuntu,","_coblocks_dimensions":"","_coblocks_responsive_height":"","_coblocks_accordion_ie_support":"","footnotes":""},"class_list":["post-65","page","type-page","status-publish","hentry"],"yoast_head":"<!-- This site is optimized with the Yoast SEO plugin v27.4 - https:\/\/yoast.com\/product\/yoast-seo-wordpress\/ -->\n<title>Informationen &amp; Kontakt &#187; Praxis f\u00fcr Gespr\u00e4ch und Lebensberatung<\/title>\n<meta name=\"description\" content=\"In einem angenehmen privaten Ambiente finden die Gespr\u00e4che nach einem telefonischen Vorgespr\u00e4ch statt.\" \/>\n<meta name=\"robots\" content=\"index, follow, max-snippet:-1, max-image-preview:large, max-video-preview:-1\" \/>\n<link rel=\"canonical\" href=\"https:\/\/www.lebensberatung-peters-bremen.de\/?page_id=65\" \/>\n<meta property=\"og:locale\" content=\"de_DE\" \/>\n<meta property=\"og:type\" content=\"article\" \/>\n<meta property=\"og:title\" content=\"Informationen &amp; Kontakt &#187; Praxis f\u00fcr Gespr\u00e4ch und Lebensberatung\" \/>\n<meta property=\"og:description\" content=\"In einem angenehmen privaten Ambiente finden die Gespr\u00e4che nach einem telefonischen Vorgespr\u00e4ch statt.\" \/>\n<meta property=\"og:url\" content=\"https:\/\/www.lebensberatung-peters-bremen.de\/?page_id=65\" \/>\n<meta property=\"og:site_name\" content=\"Praxis f\u00fcr Gespr\u00e4ch und Lebensberatung\" \/>\n<meta property=\"article:modified_time\" content=\"2026-02-15T13:36:23+00:00\" \/>\n<meta name=\"twitter:card\" content=\"summary_large_image\" \/>\n<meta name=\"twitter:label1\" content=\"Gesch\u00e4tzte Lesezeit\" \/>\n\t<meta name=\"twitter:data1\" content=\"1\u00a0Minute\" \/>\n<script type=\"application\/ld+json\" class=\"yoast-schema-graph\">{\"@context\":\"https:\\\/\\\/schema.org\",\"@graph\":[{\"@type\":\"WebPage\",\"@id\":\"https:\\\/\\\/www.lebensberatung-peters-bremen.de\\\/?page_id=65\",\"url\":\"https:\\\/\\\/www.lebensberatung-peters-bremen.de\\\/?page_id=65\",\"name\":\"Informationen & Kontakt &#187; Praxis f\u00fcr Gespr\u00e4ch und Lebensberatung\",\"isPartOf\":{\"@id\":\"https:\\\/\\\/www.lebensberatung-peters-bremen.de\\\/#website\"},\"datePublished\":\"2022-03-16T12:57:36+00:00\",\"dateModified\":\"2026-02-15T13:36:23+00:00\",\"description\":\"In einem angenehmen privaten Ambiente finden die Gespr\u00e4che nach einem telefonischen Vorgespr\u00e4ch statt.\",\"breadcrumb\":{\"@id\":\"https:\\\/\\\/www.lebensberatung-peters-bremen.de\\\/?page_id=65#breadcrumb\"},\"inLanguage\":\"de\",\"potentialAction\":[{\"@type\":\"ReadAction\",\"target\":[\"https:\\\/\\\/www.lebensberatung-peters-bremen.de\\\/?page_id=65\"]}]},{\"@type\":\"BreadcrumbList\",\"@id\":\"https:\\\/\\\/www.lebensberatung-peters-bremen.de\\\/?page_id=65#breadcrumb\",\"itemListElement\":[{\"@type\":\"ListItem\",\"position\":1,\"name\":\"Startseite\",\"item\":\"https:\\\/\\\/www.lebensberatung-peters-bremen.de\\\/\"},{\"@type\":\"ListItem\",\"position\":2,\"name\":\"Informationen &#038; Kontakt\"}]},{\"@type\":\"WebSite\",\"@id\":\"https:\\\/\\\/www.lebensberatung-peters-bremen.de\\\/#website\",\"url\":\"https:\\\/\\\/www.lebensberatung-peters-bremen.de\\\/\",\"name\":\"Praxis f\u00fcr Gespr\u00e4ch und Lebensberatung\",\"description\":\" Dr. phil. Roswitha Peters\",\"publisher\":{\"@id\":\"https:\\\/\\\/www.lebensberatung-peters-bremen.de\\\/#\\\/schema\\\/person\\\/4d5f1a93305908d1e0c1e9668a6c6cdc\"},\"potentialAction\":[{\"@type\":\"SearchAction\",\"target\":{\"@type\":\"EntryPoint\",\"urlTemplate\":\"https:\\\/\\\/www.lebensberatung-peters-bremen.de\\\/?s={search_term_string}\"},\"query-input\":{\"@type\":\"PropertyValueSpecification\",\"valueRequired\":true,\"valueName\":\"search_term_string\"}}],\"inLanguage\":\"de\"},{\"@type\":[\"Person\",\"Organization\"],\"@id\":\"https:\\\/\\\/www.lebensberatung-peters-bremen.de\\\/#\\\/schema\\\/person\\\/4d5f1a93305908d1e0c1e9668a6c6cdc\",\"name\":\"Roswitha Peters\",\"image\":{\"@type\":\"ImageObject\",\"inLanguage\":\"de\",\"@id\":\"https:\\\/\\\/www.lebensberatung-peters-bremen.de\\\/wp-content\\\/uploads\\\/2022\\\/03\\\/cropped-cropped-2006909969-huge-removebg-1.png\",\"url\":\"https:\\\/\\\/www.lebensberatung-peters-bremen.de\\\/wp-content\\\/uploads\\\/2022\\\/03\\\/cropped-cropped-2006909969-huge-removebg-1.png\",\"contentUrl\":\"https:\\\/\\\/www.lebensberatung-peters-bremen.de\\\/wp-content\\\/uploads\\\/2022\\\/03\\\/cropped-cropped-2006909969-huge-removebg-1.png\",\"width\":512,\"height\":512,\"caption\":\"Roswitha Peters\"},\"logo\":{\"@id\":\"https:\\\/\\\/www.lebensberatung-peters-bremen.de\\\/wp-content\\\/uploads\\\/2022\\\/03\\\/cropped-cropped-2006909969-huge-removebg-1.png\"},\"sameAs\":[\"http:\\\/\\\/www.lebensberatung-peters-bremen.de\"]}]}<\/script>\n<!-- \/ Yoast SEO plugin. -->","yoast_head_json":{"title":"Informationen & Kontakt &#187; Praxis f\u00fcr Gespr\u00e4ch und Lebensberatung","description":"In einem angenehmen privaten Ambiente finden die Gespr\u00e4che nach einem telefonischen Vorgespr\u00e4ch statt.","robots":{"index":"index","follow":"follow","max-snippet":"max-snippet:-1","max-image-preview":"max-image-preview:large","max-video-preview":"max-video-preview:-1"},"canonical":"https:\/\/www.lebensberatung-peters-bremen.de\/?page_id=65","og_locale":"de_DE","og_type":"article","og_title":"Informationen & Kontakt &#187; Praxis f\u00fcr Gespr\u00e4ch und Lebensberatung","og_description":"In einem angenehmen privaten Ambiente finden die Gespr\u00e4che nach einem telefonischen Vorgespr\u00e4ch statt.","og_url":"https:\/\/www.lebensberatung-peters-bremen.de\/?page_id=65","og_site_name":"Praxis f\u00fcr Gespr\u00e4ch und Lebensberatung","article_modified_time":"2026-02-15T13:36:23+00:00","twitter_card":"summary_large_image","twitter_misc":{"Gesch\u00e4tzte Lesezeit":"1\u00a0Minute"},"schema":{"@context":"https:\/\/schema.org","@graph":[{"@type":"WebPage","@id":"https:\/\/www.lebensberatung-peters-bremen.de\/?page_id=65","url":"https:\/\/www.lebensberatung-peters-bremen.de\/?page_id=65","name":"Informationen & Kontakt &#187; Praxis f\u00fcr Gespr\u00e4ch und Lebensberatung","isPartOf":{"@id":"https:\/\/www.lebensberatung-peters-bremen.de\/#website"},"datePublished":"2022-03-16T12:57:36+00:00","dateModified":"2026-02-15T13:36:23+00:00","description":"In einem angenehmen privaten Ambiente finden die Gespr\u00e4che nach einem telefonischen Vorgespr\u00e4ch statt.","breadcrumb":{"@id":"https:\/\/www.lebensberatung-peters-bremen.de\/?page_id=65#breadcrumb"},"inLanguage":"de","potentialAction":[{"@type":"ReadAction","target":["https:\/\/www.lebensberatung-peters-bremen.de\/?page_id=65"]}]},{"@type":"BreadcrumbList","@id":"https:\/\/www.lebensberatung-peters-bremen.de\/?page_id=65#breadcrumb","itemListElement":[{"@type":"ListItem","position":1,"name":"Startseite","item":"https:\/\/www.lebensberatung-peters-bremen.de\/"},{"@type":"ListItem","position":2,"name":"Informationen &#038; Kontakt"}]},{"@type":"WebSite","@id":"https:\/\/www.lebensberatung-peters-bremen.de\/#website","url":"https:\/\/www.lebensberatung-peters-bremen.de\/","name":"Praxis f\u00fcr Gespr\u00e4ch und Lebensberatung","description":" Dr. phil. Roswitha Peters","publisher":{"@id":"https:\/\/www.lebensberatung-peters-bremen.de\/#\/schema\/person\/4d5f1a93305908d1e0c1e9668a6c6cdc"},"potentialAction":[{"@type":"SearchAction","target":{"@type":"EntryPoint","urlTemplate":"https:\/\/www.lebensberatung-peters-bremen.de\/?s={search_term_string}"},"query-input":{"@type":"PropertyValueSpecification","valueRequired":true,"valueName":"search_term_string"}}],"inLanguage":"de"},{"@type":["Person","Organization"],"@id":"https:\/\/www.lebensberatung-peters-bremen.de\/#\/schema\/person\/4d5f1a93305908d1e0c1e9668a6c6cdc","name":"Roswitha Peters","image":{"@type":"ImageObject","inLanguage":"de","@id":"https:\/\/www.lebensberatung-peters-bremen.de\/wp-content\/uploads\/2022\/03\/cropped-cropped-2006909969-huge-removebg-1.png","url":"https:\/\/www.lebensberatung-peters-bremen.de\/wp-content\/uploads\/2022\/03\/cropped-cropped-2006909969-huge-removebg-1.png","contentUrl":"https:\/\/www.lebensberatung-peters-bremen.de\/wp-content\/uploads\/2022\/03\/cropped-cropped-2006909969-huge-removebg-1.png","width":512,"height":512,"caption":"Roswitha Peters"},"logo":{"@id":"https:\/\/www.lebensberatung-peters-bremen.de\/wp-content\/uploads\/2022\/03\/cropped-cropped-2006909969-huge-removebg-1.png"},"sameAs":["http:\/\/www.lebensberatung-peters-bremen.de"]}]}},"_links":{"self":[{"href":"https:\/\/www.lebensberatung-peters-bremen.de\/index.php?rest_route=\/wp\/v2\/pages\/65","targetHints":{"allow":["GET"]}}],"collection":[{"href":"https:\/\/www.lebensberatung-peters-bremen.de\/index.php?rest_route=\/wp\/v2\/pages"}],"about":[{"href":"https:\/\/www.lebensberatung-peters-bremen.de\/index.php?rest_route=\/wp\/v2\/types\/page"}],"author":[{"embeddable":true,"href":"https:\/\/www.lebensberatung-peters-bremen.de\/index.php?rest_route=\/wp\/v2\/users\/1"}],"replies":[{"embeddable":true,"href":"https:\/\/www.lebensberatung-peters-bremen.de\/index.php?rest_route=%2Fwp%2Fv2%2Fcomments&post=65"}],"version-history":[{"count":34,"href":"https:\/\/www.lebensberatung-peters-bremen.de\/index.php?rest_route=\/wp\/v2\/pages\/65\/revisions"}],"predecessor-version":[{"id":331,"href":"https:\/\/www.lebensberatung-peters-bremen.de\/index.php?rest_route=\/wp\/v2\/pages\/65\/revisions\/331"}],"wp:attachment":[{"href":"https:\/\/www.lebensberatung-peters-bremen.de\/index.php?rest_route=%2Fwp%2Fv2%2Fmedia&parent=65"}],"curies":[{"name":"wp","href":"https:\/\/api.w.org\/{rel}","templated":true}]}}